{"id":7,"date":"2026-02-01T19:22:22","date_gmt":"2026-02-01T19:22:22","guid":{"rendered":"https:\/\/metaflex.pro\/?page_id=7"},"modified":"2026-02-01T19:25:16","modified_gmt":"2026-02-01T19:25:16","slug":"accueil","status":"publish","type":"page","link":"https:\/\/metaflex.pro\/index.php\/accueil\/","title":{"rendered":"Accueil"},"content":{"rendered":"\t\t<div data-elementor-type=\"wp-page\" data-elementor-id=\"7\" class=\"elementor elementor-7\">\n\t\t\t\t<div class=\"elementor-element elementor-element-1dd426b e-flex e-con-boxed e-con e-parent\" data-id=\"1dd426b\" data-element_type=\"container\">\n\t\t\t\t\t<div class=\"e-con-inner\">\n\t\t\t\t<div class=\"elementor-element elementor-element-86cead8 elementor-widget elementor-widget-heading\" data-id=\"86cead8\" data-element_type=\"widget\" data-widget_type=\"heading.default\">\n\t\t\t\t\t<h1 class=\"elementor-heading-title elementor-size-default\">Fabricant de solutions m\u00e9talliques sur mesure<\/h1>\t\t\t\t<\/div>\n\t\t\t\t\t<\/div>\n\t\t\t\t<\/div>\n\t\t<div class=\"elementor-element elementor-element-8971fb1 e-flex e-con-boxed e-con e-parent\" data-id=\"8971fb1\" data-element_type=\"container\">\n\t\t\t\t\t<div class=\"e-con-inner\">\n\t\t\t\t<div class=\"elementor-element elementor-element-0c3ecaf elementor-widget elementor-widget-text-editor\" data-id=\"0c3ecaf\" data-element_type=\"widget\" data-widget_type=\"text-editor.default\">\n\t\t\t\t\t\t\t\t\t<p>Pliage num\u00e9rique de pr\u00e9cision, syst\u00e8mes m\u00e9talliques pour sous-faces et bardages, fabrication sur mesure pour les professionnels du b\u00e2timent.<\/p>\t\t\t\t\t\t\t\t<\/div>\n\t\t\t\t<div class=\"elementor-element elementor-element-025f19e elementor-widget elementor-widget-button\" data-id=\"025f19e\" data-element_type=\"widget\" data-widget_type=\"button.default\">\n\t\t\t\t\t\t\t\t\t\t<a class=\"elementor-button elementor-button-link elementor-size-sm\" href=\"#\">\n\t\t\t\t\t\t<span class=\"elementor-button-content-wrapper\">\n\t\t\t\t\t\t\t\t\t<span class=\"elementor-button-text\">Nous contacter<\/span>\n\t\t\t\t\t<\/span>\n\t\t\t\t\t<\/a>\n\t\t\t\t\t\t\t\t<\/div>\n\t\t\t\t\t<\/div>\n\t\t\t\t<\/div>\n\t\t<div class=\"elementor-element elementor-element-b253a40 e-flex e-con-boxed e-con e-parent\" data-id=\"b253a40\" data-element_type=\"container\">\n\t\t\t\t\t<div class=\"e-con-inner\">\n\t\t<div class=\"elementor-element elementor-element-2acc83d e-con-full e-flex e-con e-child\" data-id=\"2acc83d\" data-element_type=\"container\">\n\t\t\t\t<div class=\"elementor-element elementor-element-6795906 elementor-view-default elementor-widget elementor-widget-icon\" data-id=\"6795906\" data-element_type=\"widget\" data-widget_type=\"icon.default\">\n\t\t\t\t\t\t\t<div class=\"elementor-icon-wrapper\">\n\t\t\t<div class=\"elementor-icon\">\n\t\t\t<svg aria-hidden=\"true\" class=\"e-font-icon-svg e-fas-layer-group\" viewBox=\"0 0 512 512\" xmlns=\"http:\/\/www.w3.org\/2000\/svg\"><path d=\"M12.41 148.02l232.94 105.67c6.8 3.09 14.49 3.09 21.29 0l232.94-105.67c16.55-7.51 16.55-32.52 0-40.03L266.65 2.31a25.607 25.607 0 0 0-21.29 0L12.41 107.98c-16.55 7.51-16.55 32.53 0 40.04zm487.18 88.28l-58.09-26.33-161.64 73.27c-7.56 3.43-15.59 5.17-23.86 5.17s-16.29-1.74-23.86-5.17L70.51 209.97l-58.1 26.33c-16.55 7.5-16.55 32.5 0 40l232.94 105.59c6.8 3.08 14.49 3.08 21.29 0L499.59 276.3c16.55-7.5 16.55-32.5 0-40zm0 127.8l-57.87-26.23-161.86 73.37c-7.56 3.43-15.59 5.17-23.86 5.17s-16.29-1.74-23.86-5.17L70.29 337.87 12.41 364.1c-16.55 7.5-16.55 32.5 0 40l232.94 105.59c6.8 3.08 14.49 3.08 21.29 0L499.59 404.1c16.55-7.5 16.55-32.5 0-40z\"><\/path><\/svg>\t\t\t<\/div>\n\t\t<\/div>\n\t\t\t\t\t\t<\/div>\n\t\t\t\t<div class=\"elementor-element elementor-element-b18bfd5 elementor-widget elementor-widget-heading\" data-id=\"b18bfd5\" data-element_type=\"widget\" data-widget_type=\"heading.default\">\n\t\t\t\t\t<h3 class=\"elementor-heading-title elementor-size-default\">Sous-faces &amp; bardages m\u00e9talliques<\/h3>\t\t\t\t<\/div>\n\t\t\t\t<\/div>\n\t\t<div class=\"elementor-element elementor-element-7195add e-con-full e-flex e-con e-child\" data-id=\"7195add\" data-element_type=\"container\">\n\t\t\t\t<div class=\"elementor-element elementor-element-d0b8cc8 elementor-view-default elementor-widget elementor-widget-icon\" data-id=\"d0b8cc8\" data-element_type=\"widget\" data-widget_type=\"icon.default\">\n\t\t\t\t\t\t\t<div class=\"elementor-icon-wrapper\">\n\t\t\t<div class=\"elementor-icon\">\n\t\t\t<svg aria-hidden=\"true\" class=\"e-font-icon-svg e-fas-star\" viewBox=\"0 0 576 512\" xmlns=\"http:\/\/www.w3.org\/2000\/svg\"><path d=\"M259.3 17.8L194 150.2 47.9 171.5c-26.2 3.8-36.7 36.1-17.7 54.6l105.7 103-25 145.5c-4.5 26.3 23.2 46 46.4 33.7L288 439.6l130.7 68.7c23.2 12.2 50.9-7.4 46.4-33.7l-25-145.5 105.7-103c19-18.5 8.5-50.8-17.7-54.6L382 150.2 316.7 17.8c-11.7-23.6-45.6-23.9-57.4 0z\"><\/path><\/svg>\t\t\t<\/div>\n\t\t<\/div>\n\t\t\t\t\t\t<\/div>\n\t\t\t\t<div class=\"elementor-element elementor-element-5569bf3 elementor-widget elementor-widget-heading\" data-id=\"5569bf3\" data-element_type=\"widget\" data-widget_type=\"heading.default\">\n\t\t\t\t\t<h3 class=\"elementor-heading-title elementor-size-default\">Pliage sur mesure\n<\/h3>\t\t\t\t<\/div>\n\t\t\t\t<\/div>\n\t\t<div class=\"elementor-element elementor-element-43c2f83 e-con-full e-flex e-con e-child\" data-id=\"43c2f83\" data-element_type=\"container\">\n\t\t\t\t<div class=\"elementor-element elementor-element-bb0c24e elementor-view-default elementor-widget elementor-widget-icon\" data-id=\"bb0c24e\" data-element_type=\"widget\" data-widget_type=\"icon.default\">\n\t\t\t\t\t\t\t<div class=\"elementor-icon-wrapper\">\n\t\t\t<div class=\"elementor-icon\">\n\t\t\t<svg aria-hidden=\"true\" class=\"e-font-icon-svg e-fas-sticky-note\" viewBox=\"0 0 448 512\" xmlns=\"http:\/\/www.w3.org\/2000\/svg\"><path d=\"M312 320h136V56c0-13.3-10.7-24-24-24H24C10.7 32 0 42.7 0 56v400c0 13.3 10.7 24 24 24h264V344c0-13.2 10.8-24 24-24zm129 55l-98 98c-4.5 4.5-10.6 7-17 7h-6V352h128v6.1c0 6.3-2.5 12.4-7 16.9z\"><\/path><\/svg>\t\t\t<\/div>\n\t\t<\/div>\n\t\t\t\t\t\t<\/div>\n\t\t\t\t<div class=\"elementor-element elementor-element-5e8d4f9 elementor-widget elementor-widget-heading\" data-id=\"5e8d4f9\" data-element_type=\"widget\" data-widget_type=\"heading.default\">\n\t\t\t\t\t<h3 class=\"elementor-heading-title elementor-size-default\">Serrurerie &amp; fabrication m\u00e9tal<\/h3>\t\t\t\t<\/div>\n\t\t\t\t<\/div>\n\t\t<div class=\"elementor-element elementor-element-3215180 e-con-full e-flex e-con e-child\" data-id=\"3215180\" data-element_type=\"container\">\n\t\t\t\t<div class=\"elementor-element elementor-element-0bf1372 elementor-view-default elementor-widget elementor-widget-icon\" data-id=\"0bf1372\" data-element_type=\"widget\" data-widget_type=\"icon.default\">\n\t\t\t\t\t\t\t<div class=\"elementor-icon-wrapper\">\n\t\t\t<div class=\"elementor-icon\">\n\t\t\t<svg aria-hidden=\"true\" class=\"e-font-icon-svg e-fas-star-of-david\" viewBox=\"0 0 464 512\" xmlns=\"http:\/\/www.w3.org\/2000\/svg\"><path d=\"M405.68 256l53.21-89.39C473.3 142.4 455.48 112 426.88 112H319.96l-55.95-93.98C256.86 6.01 244.43 0 232 0s-24.86 6.01-32.01 18.02L144.04 112H37.11c-28.6 0-46.42 30.4-32.01 54.61L58.32 256 5.1 345.39C-9.31 369.6 8.51 400 37.11 400h106.93l55.95 93.98C207.14 505.99 219.57 512 232 512s24.86-6.01 32.01-18.02L319.96 400h106.93c28.6 0 46.42-30.4 32.01-54.61L405.68 256zm-12.78-88l-19.8 33.26L353.3 168h39.6zm-52.39 88l-52.39 88H175.88l-52.39-88 52.38-88h112.25l52.39 88zM232 73.72L254.79 112h-45.57L232 73.72zM71.1 168h39.6l-19.8 33.26L71.1 168zm0 176l19.8-33.26L110.7 344H71.1zM232 438.28L209.21 400h45.57L232 438.28zM353.29 344l19.8-33.26L392.9 344h-39.61z\"><\/path><\/svg>\t\t\t<\/div>\n\t\t<\/div>\n\t\t\t\t\t\t<\/div>\n\t\t\t\t<div class=\"elementor-element elementor-element-07cd404 elementor-widget elementor-widget-heading\" data-id=\"07cd404\" data-element_type=\"widget\" data-widget_type=\"heading.default\">\n\t\t\t\t\t<h3 class=\"elementor-heading-title elementor-size-default\">R\u00e9alisations\n<\/h3>\t\t\t\t<\/div>\n\t\t\t\t<\/div>\n\t\t\t\t\t<\/div>\n\t\t\t\t<\/div>\n\t\t<div class=\"elementor-element elementor-element-1b9a843 e-flex e-con-boxed e-con e-parent\" data-id=\"1b9a843\" data-element_type=\"container\">\n\t\t\t\t\t<div class=\"e-con-inner\">\n\t\t\t\t<div class=\"elementor-element elementor-element-1cbd2c1 elementor-widget elementor-widget-heading\" data-id=\"1cbd2c1\" data-element_type=\"widget\" data-widget_type=\"heading.default\">\n\t\t\t\t\t<h2 class=\"elementor-heading-title elementor-size-default\">Une approche industrielle au service du b\u00e2timent\n<\/h2>\t\t\t\t<\/div>\n\t\t\t\t<div class=\"elementor-element elementor-element-8c744d1 elementor-widget elementor-widget-text-editor\" data-id=\"8c744d1\" data-element_type=\"widget\" data-widget_type=\"text-editor.default\">\n\t\t\t\t\t\t\t\t\t<p>Metaflex con\u00e7oit et fabrique des solutions m\u00e9talliques sur mesure \u00e0 partir d\u2019outils de production num\u00e9riques, en lien direct avec les contraintes du chantier et les exigences du projet.<\/p><p>Notre savoir-faire repose sur la pr\u00e9cision du pliage, la ma\u00eetrise des mat\u00e9riaux et une fabrication pens\u00e9e pour une mise en \u0153uvre simple, durable et coh\u00e9rente.<\/p>\t\t\t\t\t\t\t\t<\/div>\n\t\t\t\t<div class=\"elementor-element elementor-element-b16a9df elementor-widget-divider--view-line elementor-widget elementor-widget-divider\" data-id=\"b16a9df\" data-element_type=\"widget\" data-widget_type=\"divider.default\">\n\t\t\t\t\t\t\t<div class=\"elementor-divider\">\n\t\t\t<span class=\"elementor-divider-separator\">\n\t\t\t\t\t\t<\/span>\n\t\t<\/div>\n\t\t\t\t\t\t<\/div>\n\t\t\t\t\t<\/div>\n\t\t\t\t<\/div>\n\t\t<div class=\"elementor-element elementor-element-91f5d9c e-flex e-con-boxed e-con e-parent\" data-id=\"91f5d9c\" data-element_type=\"container\">\n\t\t\t\t\t<div class=\"e-con-inner\">\n\t\t\t\t<div class=\"elementor-element elementor-element-e52236a elementor-widget elementor-widget-heading\" data-id=\"e52236a\" data-element_type=\"widget\" data-widget_type=\"heading.default\">\n\t\t\t\t\t<h3 class=\"elementor-heading-title elementor-size-default\">Nos savoir-faire<\/h3>\t\t\t\t<\/div>\n\t\t\t\t\t<\/div>\n\t\t\t\t<\/div>\n\t\t<div class=\"elementor-element elementor-element-6d2e4e0 e-flex e-con-boxed e-con e-parent\" data-id=\"6d2e4e0\" data-element_type=\"container\">\n\t\t\t\t\t<div class=\"e-con-inner\">\n\t\t<div class=\"elementor-element elementor-element-4b121a4 e-con-full e-flex e-con e-child\" data-id=\"4b121a4\" data-element_type=\"container\">\n\t\t\t\t<div class=\"elementor-element elementor-element-5bf8bbc elementor-widget elementor-widget-heading\" data-id=\"5bf8bbc\" data-element_type=\"widget\" data-widget_type=\"heading.default\">\n\t\t\t\t\t<h3 class=\"elementor-heading-title elementor-size-default\">Sous-faces &amp; bardages m\u00e9talliques<\/h3>\t\t\t\t<\/div>\n\t\t\t\t<div class=\"elementor-element elementor-element-9510893 elementor-widget elementor-widget-text-editor\" data-id=\"9510893\" data-element_type=\"widget\" data-widget_type=\"text-editor.default\">\n\t\t\t\t\t\t\t\t\t<p>Solutions m\u00e9talliques adapt\u00e9es aux sous-faces et bardages, con\u00e7ues pour une mise en \u0153uvre simple, durable et coh\u00e9rente sur chantier.<\/p>\t\t\t\t\t\t\t\t<\/div>\n\t\t\t\t<\/div>\n\t\t<div class=\"elementor-element elementor-element-1a5e867 e-con-full e-flex e-con e-child\" data-id=\"1a5e867\" data-element_type=\"container\">\n\t\t\t\t<div class=\"elementor-element elementor-element-a60093c elementor-widget elementor-widget-heading\" data-id=\"a60093c\" data-element_type=\"widget\" data-widget_type=\"heading.default\">\n\t\t\t\t\t<h3 class=\"elementor-heading-title elementor-size-default\">Pliage sur mesure<br><\/h3>\t\t\t\t<\/div>\n\t\t\t\t<div class=\"elementor-element elementor-element-e3daf99 elementor-widget elementor-widget-text-editor\" data-id=\"e3daf99\" data-element_type=\"widget\" data-widget_type=\"text-editor.default\">\n\t\t\t\t\t\t\t\t\t<p>Pliage num\u00e9rique de pr\u00e9cision pour pi\u00e8ces standards ou sp\u00e9cifiques, adapt\u00e9 aux contraintes techniques et aux besoins du chantier.<\/p>\t\t\t\t\t\t\t\t<\/div>\n\t\t\t\t<\/div>\n\t\t<div class=\"elementor-element elementor-element-0f75d6b e-con-full e-flex e-con e-child\" data-id=\"0f75d6b\" data-element_type=\"container\">\n\t\t\t\t<div class=\"elementor-element elementor-element-adb3ee3 elementor-widget elementor-widget-heading\" data-id=\"adb3ee3\" data-element_type=\"widget\" data-widget_type=\"heading.default\">\n\t\t\t\t\t<h3 class=\"elementor-heading-title elementor-size-default\">Serrurerie &amp; fabrication m\u00e9tal<\/h3>\t\t\t\t<\/div>\n\t\t\t\t<div class=\"elementor-element elementor-element-e4cb474 elementor-widget elementor-widget-text-editor\" data-id=\"e4cb474\" data-element_type=\"widget\" data-widget_type=\"text-editor.default\">\n\t\t\t\t\t\t\t\t\t<p>Fabrication d\u2019\u00e9l\u00e9ments m\u00e9talliques sur mesure, assemblages sp\u00e9cifiques et pi\u00e8ces techniques, en compl\u00e9ment des syst\u00e8mes et pliages.<\/p>\t\t\t\t\t\t\t\t<\/div>\n\t\t\t\t<\/div>\n\t\t\t\t\t<\/div>\n\t\t\t\t<\/div>\n\t\t\t\t<\/div>\n\t\t","protected":false},"excerpt":{"rendered":"<p>Fabricant de solutions m\u00e9talliques sur mesure Pliage num\u00e9rique de pr\u00e9cision, syst\u00e8mes m\u00e9talliques pour sous-faces et bardages, fabrication sur mesure pour les professionnels du b\u00e2timent. Nous contacter Sous-faces &amp; bardages m\u00e9talliques Pliage sur mesure Serrurerie &amp; fabrication m\u00e9tal R\u00e9alisations Une approche industrielle au service du b\u00e2timent Metaflex con\u00e7oit et fabrique des solutions m\u00e9talliques sur mesure \u00e0 [&hellip;]<\/p>\n","protected":false},"author":1,"featured_media":0,"parent":0,"menu_order":0,"comment_status":"closed","ping_status":"closed","template":"","meta":{"footnotes":""},"class_list":["post-7","page","type-page","status-publish","hentry"],"_links":{"self":[{"href":"https:\/\/metaflex.pro\/index.php\/wp-json\/wp\/v2\/pages\/7","targetHints":{"allow":["GET"]}}],"collection":[{"href":"https:\/\/metaflex.pro\/index.php\/wp-json\/wp\/v2\/pages"}],"about":[{"href":"https:\/\/metaflex.pro\/index.php\/wp-json\/wp\/v2\/types\/page"}],"author":[{"embeddable":true,"href":"https:\/\/metaflex.pro\/index.php\/wp-json\/wp\/v2\/users\/1"}],"replies":[{"embeddable":true,"href":"https:\/\/metaflex.pro\/index.php\/wp-json\/wp\/v2\/comments?post=7"}],"version-history":[{"count":10,"href":"https:\/\/metaflex.pro\/index.php\/wp-json\/wp\/v2\/pages\/7\/revisions"}],"predecessor-version":[{"id":23,"href":"https:\/\/metaflex.pro\/index.php\/wp-json\/wp\/v2\/pages\/7\/revisions\/23"}],"wp:attachment":[{"href":"https:\/\/metaflex.pro\/index.php\/wp-json\/wp\/v2\/media?parent=7"}],"curies":[{"name":"wp","href":"https:\/\/api.w.org\/{rel}","templated":true}]}}